{"id":23,"date":"2013-07-21T17:41:19","date_gmt":"2013-07-21T15:41:19","guid":{"rendered":"http:\/\/s460138548.online.de\/?page_id=23"},"modified":"2015-07-30T06:29:05","modified_gmt":"2015-07-30T06:29:05","slug":"ortsverein","status":"publish","type":"page","link":"http:\/\/www.awo-penzberg.de\/?page_id=23","title":{"rendered":"Ortsverein"},"content":{"rendered":"<h2>Der Ortsverein der AWO stellt sich vor<\/h2>\n<p>Die Arbeiterwohlfahrt ist ein Spitzenverband der freien Wohlfahrtspflege in Bayern, mit \u00fcber 100.000 Mitgliedern. Tausende von ehrenamtlichen Helfern und eine Reihe von hauptamtlichen Mitarbeitern sind in allen Bereichen sozialer Arbeit t\u00e4tig.<\/p>\n<h1><em><span style=\"color: #ff0000;\">&#8222;Schnell und unb\u00fcrokratisch helfen.&#8220;<\/span><\/em><\/h1>\n<p>Das war das Leitmotiv der Arbeiterwohlfahrt als Selbsthilfeorganisation der Arbeiterbewegung seit der Gr\u00fcndung durch Marie Juchacz im Jahre 1919.<\/p>\n<p>Schnelle und unb\u00fcrokratische Hilfe &#8211; unabh\u00e4ngig von Hautfarbe, Nationalit\u00e4t, Konfession oder Weltanschauung der Betroffenen &#8211; ist auch heute noch Merkmal des modernen Wohlfahrtsverbandes der Arbeiterwohlfahrt (AWO).<\/p>\n<p>Soziale Arbeit allein reicht nicht aus, um das Leben menschlicher zu gestalten. Deshalb ist die AWO gleichzeitig sozialpolitisch aktiv und k\u00e4mpft f\u00fcr die Beseitigung sozialer Benachteiligungen und ihrer Ursachen.<\/p>\n<p>&#8212;<\/p>\n<div id=\"attachment_125\" style=\"width: 216px\" class=\"wp-caption alignright\"><a href=\"http:\/\/www.awo-penzberg.de\/wp-content\/uploads\/2014\/02\/AWO_Vorsitzende.png\"><img aria-describedby=\"caption-attachment-125\" loading=\"lazy\" class=\"wp-image-125 size-medium\" src=\"http:\/\/www.awo-penzberg.de\/wp-content\/uploads\/2014\/02\/AWO_Vorsitzende-206x300.png\" alt=\"AWO Vorsitzende Ute Frohein-Sendl\" width=\"206\" height=\"300\" srcset=\"http:\/\/www.awo-penzberg.de\/wp-content\/uploads\/2014\/02\/AWO_Vorsitzende-206x300.png 206w, http:\/\/www.awo-penzberg.de\/wp-content\/uploads\/2014\/02\/AWO_Vorsitzende.png 340w\" sizes=\"(max-width: 206px) 100vw, 206px\" \/><\/a><p id=\"caption-attachment-125\" class=\"wp-caption-text\">AWO Vorsitzende Ute Frohwein-Sendl<\/p><\/div>\n<p>Unser Ortsverein, nach dem Krieg 1946 neu gegr\u00fcndet ist mittlerweile zu einer gro\u00dfen Familie mit \u00fcber 350 Mitgliedern angewachsen.<\/p>\n<p>Wer k\u00f6nnte unsere Arbeiterwohlfahrt besser vorstellen, als der damalige 1. B\u00fcrgermeister der Stadt Penzberg Hans Mummert, dies in seinem Gru\u00dfwort zum 50-j\u00e4hrigen Jubil\u00e4um des AWO Ortsvereins getan hat:<\/p>\n<p>Seit ihrer Gr\u00fcndung im Jahr 1946, setzte sich die AWO f\u00fcr die Schwachen, Kranken und Bed\u00fcrftigen unserer Stadt ein. Eng verbunden mit der Gr\u00fcndung und des Aufbaus der Arbeiterwohlfahrt sind die Namen Josef Boos und Thomas Sch\u00f6ttl.<\/p>\n<p>Im ehemaligen Jugendheim der Arbeiterwohlfahrt am Stadthallenplatz, jetzt im Besitz der Stadt, das bis heute noch den Namen Josef Boos tr\u00e4gt, sind der Kindergarten, die Begegnungsst\u00e4tte der AWO und die Polizei untergebracht.<\/p>\n<p>Mit den Grundpfeilern einer freiheitlich demokratischen Grundordnung als unverzichtbare Voraussetzung f\u00fcr ihre soziale Arbeit hat sich die AWO auch am Aufbau unseres demokratischen Staates un\u00fcbersehbare Verdienste erworben.<\/p>\n<p>Ohne die Arbeit der \u00f6rtlichen Wohlfahrtsverb\u00e4nde w\u00e4re die Stadt nicht in der Lage, ihren sozialen Auftrag zu erf\u00fcllen.<\/p>\n<p>Wir, die B\u00fcrgerinnen und B\u00fcrger unserer Stadt sind deshalb stolz auf die geleistete Arbeit der Arbeiterwohlfahrt. Beleg daf\u00fcr sind die vielen Tr\u00e4gerschaften und Einrichtungen der AWO in unserer Stadt wie:<\/p>\n<ul>\n<li>Kindergarten<\/li>\n<li>Hort<\/li>\n<li>Begegnungsst\u00e4tte<\/li>\n<li>Alten- und Freizeitclub<\/li>\n<li>Seniorenzentrum<\/li>\n<li>Essen auf R\u00e4dern<\/li>\n<li>Kinderkleiderzentrale<\/li>\n<li>Behindertenfahrdienst<\/li>\n<\/ul>\n<p>&nbsp;<\/p>\n","protected":false},"excerpt":{"rendered":"<p>Der Ortsverein der AWO stellt sich vor Die Arbeiterwohlfahrt ist ein Spitzenverband der freien Wohlfahrtspflege in Bayern, mit \u00fcber 100.000 Mitgliedern. Tausende von ehrenamtlichen Helfern und eine Reihe von hauptamtlichen Mitarbeitern sind in allen Bereichen sozialer Arbeit t\u00e4tig. &#8222;Schnell und unb\u00fcrokratisch helfen.&#8220; Das war das Leitmotiv der Arbeiterwohlfahrt als Selbsthilfeorganisation der Arbeiterbewegung seit der Gr\u00fcndung [&hellip;]<\/p>\n","protected":false},"author":1,"featured_media":0,"parent":10,"menu_order":1,"comment_status":"closed","ping_status":"closed","template":"","meta":[],"_links":{"self":[{"href":"http:\/\/www.awo-penzberg.de\/index.php?rest_route=\/wp\/v2\/pages\/23"}],"collection":[{"href":"http:\/\/www.awo-penzberg.de\/index.php?rest_route=\/wp\/v2\/pages"}],"about":[{"href":"http:\/\/www.awo-penzberg.de\/index.php?rest_route=\/wp\/v2\/types\/page"}],"author":[{"embeddable":true,"href":"http:\/\/www.awo-penzberg.de\/index.php?rest_route=\/wp\/v2\/users\/1"}],"replies":[{"embeddable":true,"href":"http:\/\/www.awo-penzberg.de\/index.php?rest_route=%2Fwp%2Fv2%2Fcomments&post=23"}],"version-history":[{"count":9,"href":"http:\/\/www.awo-penzberg.de\/index.php?rest_route=\/wp\/v2\/pages\/23\/revisions"}],"predecessor-version":[{"id":886,"href":"http:\/\/www.awo-penzberg.de\/index.php?rest_route=\/wp\/v2\/pages\/23\/revisions\/886"}],"up":[{"embeddable":true,"href":"http:\/\/www.awo-penzberg.de\/index.php?rest_route=\/wp\/v2\/pages\/10"}],"wp:attachment":[{"href":"http:\/\/www.awo-penzberg.de\/index.php?rest_route=%2Fwp%2Fv2%2Fmedia&parent=23"}],"curies":[{"name":"wp","href":"https:\/\/api.w.org\/{rel}","templated":true}]}}