{"id":32,"date":"2013-07-21T18:05:47","date_gmt":"2013-07-21T18:05:47","guid":{"rendered":"http:\/\/s460138548.online.de\/?page_id=32"},"modified":"2026-04-27T16:34:52","modified_gmt":"2026-04-27T14:34:52","slug":"kontakt","status":"publish","type":"page","link":"http:\/\/www.awo-penzberg.de\/?page_id=32","title":{"rendered":"Kontakt"},"content":{"rendered":"<p>Unter folgender Adresse k\u00f6nnen Sie uns erreichen:<\/p>\n<p>Arbeiterwohlfahrt Penzberg e.V.<br \/>\nFriedrich-Ebert-Str. 9<br \/>\n82377 Penzberg<br \/>\nTelefon: \u00a008856\/803907<\/p>\n<p><span style=\"font-size: inherit;\">AWO, Ortsverein Penzberg e.V.<br \/>\n<\/span><span style=\"font-size: inherit;\">Sybille M\u00fcller, 1. Vorsitzend<br \/>\n<\/span><span style=\"font-size: inherit;\">Birkenstra\u00dfe 18<br \/>\n<\/span><span style=\"font-size: inherit;\">82377 Penzberg,<br \/>\n<\/span><span style=\"font-size: inherit;\">Tel. 0176\/ 61 870 007<\/span><\/p>\n<p><span style=\"line-height: 1.714285714; color: #444444; font-size: 1rem;\"><br \/>\n&#8212;<br \/>\n<\/span><\/p>\n<p>Bankverbindung der Arbeiterwohlfahrt Penzberg e.V.:<\/p>\n<p>Vereinigte Sparkassen im Landkreis Weilheim-Schongau, Penzberg<br \/>\nKt.-Nr.: 301440\u00a0|\u00a0BLZ: 70351030<br \/>\nBIC: BYLADEM1WHM | IBAN: DE64 7035 1030 0000 3014 40<\/p>\n<p>Spenden und Mitgliedsbeitr\u00e4ge sind laut Bescheid des Finanzamtes Garmisch-Partenkirchen\u00a0 (Steuerbescheid Nr. 119\/107\/10208\u00a0vom 18.10.2011)\u00a0steuerlich absetzbar.<\/p>\n<p>Bei Spenden bis 200,- Euro gen\u00fcgt grunds\u00e4tzlich der Zahlungsbeleg (Bareinzahlungsbeleg\/Kontoauszug) als Quittung. F\u00fcr Spenden \u00fcber 200,- Euro erhalten Sie eine Zuwendungsbest\u00e4tigung (=Quittung).<\/p>\n<p><span style=\"font-size: 1rem; line-height: 1.714285714;\">&#8212;<\/span><\/p>\n<p><span style=\"line-height: 1.714285714; color: #444444; font-size: 1rem;\">Technische Betreuung der Webseite:<\/span><\/p>\n<p>IT-Consulting Rainer Kreutterer<br \/>\nEmail: <a title=\"Email an den technischen Ansprechpartner\" href=\"mailto:webmaster@kreutterer.de?subject=Anfrage an den Webmaster der AWO Penzberg\">webmaster@awo-penzberg.de<\/a><\/p>\n","protected":false},"excerpt":{"rendered":"<p>Unter folgender Adresse k\u00f6nnen Sie uns erreichen: Arbeiterwohlfahrt Penzberg e.V. Friedrich-Ebert-Str. 9 82377 Penzberg Telefon: \u00a008856\/803907 AWO, Ortsverein Penzberg e.V. Sybille M\u00fcller, 1. Vorsitzend Birkenstra\u00dfe 18 82377 Penzberg, Tel. 0176\/ 61 870 007 &#8212; Bankverbindung der Arbeiterwohlfahrt Penzberg e.V.: Vereinigte Sparkassen im Landkreis Weilheim-Schongau, Penzberg Kt.-Nr.: 301440\u00a0|\u00a0BLZ: 70351030 BIC: BYLADEM1WHM | IBAN: DE64 7035 1030 [&hellip;]<\/p>\n","protected":false},"author":1,"featured_media":0,"parent":10,"menu_order":7,"comment_status":"closed","ping_status":"closed","template":"","meta":[],"_links":{"self":[{"href":"http:\/\/www.awo-penzberg.de\/index.php?rest_route=\/wp\/v2\/pages\/32"}],"collection":[{"href":"http:\/\/www.awo-penzberg.de\/index.php?rest_route=\/wp\/v2\/pages"}],"about":[{"href":"http:\/\/www.awo-penzberg.de\/index.php?rest_route=\/wp\/v2\/types\/page"}],"author":[{"embeddable":true,"href":"http:\/\/www.awo-penzberg.de\/index.php?rest_route=\/wp\/v2\/users\/1"}],"replies":[{"embeddable":true,"href":"http:\/\/www.awo-penzberg.de\/index.php?rest_route=%2Fwp%2Fv2%2Fcomments&post=32"}],"version-history":[{"count":22,"href":"http:\/\/www.awo-penzberg.de\/index.php?rest_route=\/wp\/v2\/pages\/32\/revisions"}],"predecessor-version":[{"id":1964,"href":"http:\/\/www.awo-penzberg.de\/index.php?rest_route=\/wp\/v2\/pages\/32\/revisions\/1964"}],"up":[{"embeddable":true,"href":"http:\/\/www.awo-penzberg.de\/index.php?rest_route=\/wp\/v2\/pages\/10"}],"wp:attachment":[{"href":"http:\/\/www.awo-penzberg.de\/index.php?rest_route=%2Fwp%2Fv2%2Fmedia&parent=32"}],"curies":[{"name":"wp","href":"https:\/\/api.w.org\/{rel}","templated":true}]}}